{"id":12,"date":"2025-08-07T14:58:42","date_gmt":"2025-08-07T14:58:42","guid":{"rendered":"https:\/\/callasijoyeria.com\/mi-cuenta\/"},"modified":"2025-12-01T20:00:21","modified_gmt":"2025-12-02T01:00:21","slug":"mi-cuenta","status":"publish","type":"page","link":"https:\/\/callasi.pe\/en\/mi-cuenta\/","title":{"rendered":"Mi cuenta"},"content":{"rendered":"<div data-elementor-type=\"wp-page\" data-elementor-id=\"12\" class=\"elementor elementor-12\" data-elementor-post-type=\"page\">\n\t\t\t\t<div data-particle_enable=\"false\" data-particle-mobile-disabled=\"false\" class=\"elementor-element elementor-element-2f5ff1c8 e-flex e-con-boxed e-con e-parent\" data-id=\"2f5ff1c8\" data-element_type=\"container\">\n\t\t\t\t\t<div class=\"e-con-inner\">\n\t\t\t\t<div class=\"elementor-element elementor-element-3709549 elementor-widget elementor-widget-eael-woo-account-dashboard\" data-id=\"3709549\" data-element_type=\"widget\" data-settings=\"{&quot;eael_account_dashboard_table_header_column_alignment&quot;:&quot;left&quot;,&quot;eael_account_dashboard_table_body_column_alignment&quot;:&quot;left&quot;}\" data-widget_type=\"eael-woo-account-dashboard.default\">\n\t\t\t\t\t\n        <div class=\"eael-account-dashboard-wrap\">\n            <div class=\"eael-account-dashboard-wrapper preset-3\">\n    <div class=\"eael-account-dashboard-body\">\n        <div class=\"eael-account-dashboard-container\">\n            \t\t<div class=\"eael-account-dashboard-navbar eael-d-none\">\n\t\t\t\n<nav class=\"woocommerce-MyAccount-navigation\" aria-label=\"P\u00e1ginas de cuenta\" data-no-translation-aria-label=\"\">\n\t<ul>\n\t\t\t\t\t<li class=\"woocommerce-MyAccount-navigation-link woocommerce-MyAccount-navigation-link--dashboard\">\n\t\t\t\t<a href=\"https:\/\/callasi.pe\/en\/mi-cuenta\/\" >\n\t\t\t\t\tCustomer Dashboard\t\t\t\t<\/a>\n\t\t\t<\/li>\n\t\t\t\t\t<li class=\"woocommerce-MyAccount-navigation-link woocommerce-MyAccount-navigation-link--orders\">\n\t\t\t\t<a href=\"https:\/\/callasi.pe\/en\/mi-cuenta\/pedidos\/\" >\n\t\t\t\t\tMy Orders\t\t\t\t<\/a>\n\t\t\t<\/li>\n\t\t\t\t\t<li class=\"woocommerce-MyAccount-navigation-link woocommerce-MyAccount-navigation-link--edit-address\">\n\t\t\t\t<a href=\"https:\/\/callasi.pe\/en\/mi-cuenta\/editar-direccion\/\" >\n\t\t\t\t\tAddresses\t\t\t\t<\/a>\n\t\t\t<\/li>\n\t\t\t\t\t<li class=\"woocommerce-MyAccount-navigation-link woocommerce-MyAccount-navigation-link--edit-account\">\n\t\t\t\t<a href=\"https:\/\/callasi.pe\/en\/mi-cuenta\/editar-cuenta\/\" >\n\t\t\t\t\tAccount Details\t\t\t\t<\/a>\n\t\t\t<\/li>\n\t\t\t\t\t<li class=\"woocommerce-MyAccount-navigation-link woocommerce-MyAccount-navigation-link--customer-logout\">\n\t\t\t\t<a href=\"https:\/\/callasi.pe\/en\/mi-cuenta\/salir\/?_wpnonce=e6159ab33c\" >\n\t\t\t\t\tLog Out\t\t\t\t<\/a>\n\t\t\t<\/li>\n\t\t\t<\/ul>\n<\/nav>\n\n\n\t\t\t\t\t<\/div>\n\t\t            \t\t<div class=\"eael-account-dashboard-content\">\n\t\t\t<div class=\"woocommerce\"><div class=\"woocommerce-notices-wrapper\"><\/div>\n\n\t\t<h2>Iniciar sesi\u00f3n<\/h2>\n\n\t\t<form class=\"woocommerce-form woocommerce-form-login login\" method=\"post\" novalidate action=\"\">\n\n\t\t\t\n\t\t\t<p class=\"woocommerce-form-row woocommerce-form-row--wide form-row form-row-wide\">\n\t\t\t\t<label for=\"username\">Username or email address&nbsp;<span class=\"required\" aria-hidden=\"true\">*<\/span><span class=\"screen-reader-text\" data-no-translation=\"\" data-trp-gettext=\"\">Required<\/span><\/label>\n\t\t\t\t<input type=\"text\" class=\"woocommerce-Input woocommerce-Input--text input-text\" name=\"username\" id=\"username\" autocomplete=\"username\" value=\"\" required aria-required=\"true\" \/>\t\t\t<\/p>\n\t\t\t<p class=\"woocommerce-form-row woocommerce-form-row--wide form-row form-row-wide\">\n\t\t\t\t<label for=\"password\">Contrase\u00f1a&nbsp;<span class=\"required\" aria-hidden=\"true\">*<\/span><span class=\"screen-reader-text\" data-no-translation=\"\" data-trp-gettext=\"\">Required<\/span><\/label>\n\t\t\t\t<input class=\"woocommerce-Input woocommerce-Input--text input-text\" type=\"password\" name=\"password\" id=\"password\" autocomplete=\"current-password\" required aria-required=\"true\" \/>\n\t\t\t<\/p>\n\n\t\t\t\n\t\t\t<p class=\"form-row\">\n\t\t\t\t<label class=\"woocommerce-form__label woocommerce-form__label-for-checkbox woocommerce-form-login__rememberme\">\n\t\t\t\t\t<input class=\"woocommerce-form__input woocommerce-form__input-checkbox\" name=\"rememberme\" type=\"checkbox\" id=\"rememberme\" value=\"forever\" \/> <span>Recu\u00e9rdame<\/span>\n\t\t\t\t<\/label>\n\t\t\t\t<input type=\"hidden\" id=\"woocommerce-login-nonce\" name=\"woocommerce-login-nonce\" value=\"f6ccef5e29\" \/><input type=\"hidden\" name=\"_wp_http_referer\" value=\"\/en\/wp-json\/wp\/v2\/pages\/12\" \/>\t\t\t\t<button type=\"submit\" class=\"woocommerce-button button woocommerce-form-login__submit\" name=\"login\" value=\"Log in\" data-no-translation=\"\" data-trp-gettext=\"\" data-no-translation-value=\"\">Log in<\/button>\n\t\t\t<\/p>\n\t\t\t<p class=\"woocommerce-LostPassword lost_password\">\n\t\t\t\t<a href=\"https:\/\/callasi.pe\/en\/mi-cuenta\/contrasena-perdida\/\">\u00bfOlvidaste tu contrase\u00f1a?<\/a>\n\t\t\t<\/p>\n\n\t\t\t\n\t\t<input type=\"hidden\" name=\"trp-form-language\" value=\"en\"\/><\/form>\n\n\n<\/div>\t\t<\/div>\n\t\t        <\/div>\n    <\/div>\n<\/div>        <\/div>\n\n\t\t\t\t\t\t<\/div>\n\t\t\t\t\t<\/div>\n\t\t\t\t<\/div>\n\t\t\t\t<\/div>","protected":false},"excerpt":{"rendered":"<p>Panel de cliente Mis compras Direcciones Detalles de la cuenta Cerrar sesi\u00f3n Callasi Panel de cliente Mis compras Direcciones Detalles de la cuenta Cerrar sesi\u00f3n Hola Callasi (\u00bfno eres Callasi? Cerrar sesi\u00f3n) Desde el escritorio de tu cuenta puedes ver tus pedidos recientes, gestionar tus direcciones de env\u00edo y facturaci\u00f3n y editar tu contrase\u00f1a y [&hellip;]<\/p>","protected":false},"author":3,"featured_media":0,"parent":0,"menu_order":20,"comment_status":"closed","ping_status":"closed","template":"","meta":{"_joinchat":[],"footnotes":""},"class_list":["post-12","page","type-page","status-publish","hentry"],"yoast_head":"<!-- This site is optimized with the Yoast SEO plugin v26.1.1 - https:\/\/yoast.com\/wordpress\/plugins\/seo\/ -->\n<title>Mi cuenta - Callasi<\/title>\n<meta name=\"robots\" content=\"noindex, nofollow\" \/>\n<meta property=\"og:locale\" content=\"en_US\" \/>\n<meta property=\"og:type\" content=\"article\" \/>\n<meta property=\"og:title\" content=\"Mi cuenta - Callasi\" \/>\n<meta property=\"og:description\" content=\"Panel de cliente Mis compras Direcciones Detalles de la cuenta Cerrar sesi\u00f3n Callasi Panel de cliente Mis compras Direcciones Detalles de la cuenta Cerrar sesi\u00f3n Hola Callasi (\u00bfno eres Callasi? Cerrar sesi\u00f3n) Desde el escritorio de tu cuenta puedes ver tus pedidos recientes, gestionar tus direcciones de env\u00edo y facturaci\u00f3n y editar tu contrase\u00f1a y [&hellip;]\" \/>\n<meta property=\"og:url\" content=\"https:\/\/callasi.pe\/en\/mi-cuenta\/\" \/>\n<meta property=\"og:site_name\" content=\"Callasi\" \/>\n<meta property=\"article:publisher\" content=\"https:\/\/www.facebook.com\/Callasijoyeria\/\" \/>\n<meta property=\"article:modified_time\" content=\"2025-12-02T01:00:21+00:00\" \/>\n<meta property=\"og:image\" content=\"https:\/\/secure.gravatar.com\/avatar\/6291d87f59b35e96842a4161d67febccaa8bb010d50e0034cf81b8ae35cf3cb1?s=100&#038;d=mm&#038;r=g\" \/>\n<meta name=\"twitter:card\" content=\"summary_large_image\" \/>\n<meta name=\"twitter:label1\" content=\"Est. reading time\" \/>\n\t<meta name=\"twitter:data1\" content=\"1 minute\" \/>\n<script type=\"application\/ld+json\" class=\"yoast-schema-graph\">{\"@context\":\"https:\/\/schema.org\",\"@graph\":[{\"@type\":\"WebPage\",\"@id\":\"https:\/\/callasi.pe\/mi-cuenta\/\",\"url\":\"https:\/\/callasi.pe\/mi-cuenta\/\",\"name\":\"Mi cuenta - Callasi\",\"isPartOf\":{\"@id\":\"https:\/\/callasi.pe\/#website\"},\"primaryImageOfPage\":{\"@id\":\"https:\/\/callasi.pe\/mi-cuenta\/#primaryimage\"},\"image\":{\"@id\":\"https:\/\/callasi.pe\/mi-cuenta\/#primaryimage\"},\"thumbnailUrl\":\"https:\/\/secure.gravatar.com\/avatar\/6291d87f59b35e96842a4161d67febccaa8bb010d50e0034cf81b8ae35cf3cb1?s=100&#038;d=mm&#038;r=g\",\"datePublished\":\"2025-08-07T14:58:42+00:00\",\"dateModified\":\"2025-12-02T01:00:21+00:00\",\"breadcrumb\":{\"@id\":\"https:\/\/callasi.pe\/mi-cuenta\/#breadcrumb\"},\"inLanguage\":\"en-US\",\"potentialAction\":[{\"@type\":\"ReadAction\",\"target\":[\"https:\/\/callasi.pe\/mi-cuenta\/\"]}]},{\"@type\":\"ImageObject\",\"inLanguage\":\"en-US\",\"@id\":\"https:\/\/callasi.pe\/mi-cuenta\/#primaryimage\",\"url\":\"https:\/\/secure.gravatar.com\/avatar\/6291d87f59b35e96842a4161d67febccaa8bb010d50e0034cf81b8ae35cf3cb1?s=100&#038;d=mm&#038;r=g\",\"contentUrl\":\"https:\/\/secure.gravatar.com\/avatar\/6291d87f59b35e96842a4161d67febccaa8bb010d50e0034cf81b8ae35cf3cb1?s=100&#038;d=mm&#038;r=g\"},{\"@type\":\"BreadcrumbList\",\"@id\":\"https:\/\/callasi.pe\/mi-cuenta\/#breadcrumb\",\"itemListElement\":[{\"@type\":\"ListItem\",\"position\":1,\"name\":\"Portada\",\"item\":\"https:\/\/callasi.pe\/\"},{\"@type\":\"ListItem\",\"position\":2,\"name\":\"Mi cuenta\"}]},{\"@type\":\"WebSite\",\"@id\":\"https:\/\/callasi.pe\/#website\",\"url\":\"https:\/\/callasi.pe\/\",\"name\":\"Callasi\",\"description\":\"Somos una marca respetada y un referente en la artesan\u00eda tradicional Cusque\u00f1a, Peruana y latino Americana, desde 1992 para el Mundo.\",\"publisher\":{\"@id\":\"https:\/\/callasi.pe\/#organization\"},\"potentialAction\":[{\"@type\":\"SearchAction\",\"target\":{\"@type\":\"EntryPoint\",\"urlTemplate\":\"https:\/\/callasi.pe\/?s={search_term_string}\"},\"query-input\":{\"@type\":\"PropertyValueSpecification\",\"valueRequired\":true,\"valueName\":\"search_term_string\"}}],\"inLanguage\":\"en-US\"},{\"@type\":\"Organization\",\"@id\":\"https:\/\/callasi.pe\/#organization\",\"name\":\"Callasi\",\"url\":\"https:\/\/callasi.pe\/\",\"logo\":{\"@type\":\"ImageObject\",\"inLanguage\":\"en-US\",\"@id\":\"https:\/\/callasi.pe\/#\/schema\/logo\/image\/\",\"url\":\"https:\/\/callasi.pe\/wp-content\/uploads\/2025\/08\/logo-callasi-png-e1753218955547.png\",\"contentUrl\":\"https:\/\/callasi.pe\/wp-content\/uploads\/2025\/08\/logo-callasi-png-e1753218955547.png\",\"width\":814,\"height\":334,\"caption\":\"Callasi\"},\"image\":{\"@id\":\"https:\/\/callasi.pe\/#\/schema\/logo\/image\/\"},\"sameAs\":[\"https:\/\/www.facebook.com\/Callasijoyeria\/\",\"https:\/\/www.instagram.com\/callasijoyeria\/\",\"https:\/\/www.tiktok.com\/@callasijoyeria\"]}]}<\/script>\n<!-- \/ Yoast SEO plugin. -->","yoast_head_json":{"title":"Mi cuenta - Callasi","robots":{"index":"noindex","follow":"nofollow"},"og_locale":"en_US","og_type":"article","og_title":"Mi cuenta - Callasi","og_description":"Panel de cliente Mis compras Direcciones Detalles de la cuenta Cerrar sesi\u00f3n Callasi Panel de cliente Mis compras Direcciones Detalles de la cuenta Cerrar sesi\u00f3n Hola Callasi (\u00bfno eres Callasi? Cerrar sesi\u00f3n) Desde el escritorio de tu cuenta puedes ver tus pedidos recientes, gestionar tus direcciones de env\u00edo y facturaci\u00f3n y editar tu contrase\u00f1a y [&hellip;]","og_url":"https:\/\/callasi.pe\/en\/mi-cuenta\/","og_site_name":"Callasi","article_publisher":"https:\/\/www.facebook.com\/Callasijoyeria\/","article_modified_time":"2025-12-02T01:00:21+00:00","og_image":[{"url":"https:\/\/secure.gravatar.com\/avatar\/6291d87f59b35e96842a4161d67febccaa8bb010d50e0034cf81b8ae35cf3cb1?s=100&#038;d=mm&#038;r=g","type":"","width":"","height":""}],"twitter_card":"summary_large_image","twitter_misc":{"Est. reading time":"1 minute"},"schema":{"@context":"https:\/\/schema.org","@graph":[{"@type":"WebPage","@id":"https:\/\/callasi.pe\/mi-cuenta\/","url":"https:\/\/callasi.pe\/mi-cuenta\/","name":"Mi cuenta - Callasi","isPartOf":{"@id":"https:\/\/callasi.pe\/#website"},"primaryImageOfPage":{"@id":"https:\/\/callasi.pe\/mi-cuenta\/#primaryimage"},"image":{"@id":"https:\/\/callasi.pe\/mi-cuenta\/#primaryimage"},"thumbnailUrl":"https:\/\/secure.gravatar.com\/avatar\/6291d87f59b35e96842a4161d67febccaa8bb010d50e0034cf81b8ae35cf3cb1?s=100&#038;d=mm&#038;r=g","datePublished":"2025-08-07T14:58:42+00:00","dateModified":"2025-12-02T01:00:21+00:00","breadcrumb":{"@id":"https:\/\/callasi.pe\/mi-cuenta\/#breadcrumb"},"inLanguage":"en-US","potentialAction":[{"@type":"ReadAction","target":["https:\/\/callasi.pe\/mi-cuenta\/"]}]},{"@type":"ImageObject","inLanguage":"en-US","@id":"https:\/\/callasi.pe\/mi-cuenta\/#primaryimage","url":"https:\/\/secure.gravatar.com\/avatar\/6291d87f59b35e96842a4161d67febccaa8bb010d50e0034cf81b8ae35cf3cb1?s=100&#038;d=mm&#038;r=g","contentUrl":"https:\/\/secure.gravatar.com\/avatar\/6291d87f59b35e96842a4161d67febccaa8bb010d50e0034cf81b8ae35cf3cb1?s=100&#038;d=mm&#038;r=g"},{"@type":"BreadcrumbList","@id":"https:\/\/callasi.pe\/mi-cuenta\/#breadcrumb","itemListElement":[{"@type":"ListItem","position":1,"name":"Portada","item":"https:\/\/callasi.pe\/"},{"@type":"ListItem","position":2,"name":"Mi cuenta"}]},{"@type":"WebSite","@id":"https:\/\/callasi.pe\/#website","url":"https:\/\/callasi.pe\/","name":"Callasi","description":"Somos una marca respetada y un referente en la artesan\u00eda tradicional Cusque\u00f1a, Peruana y latino Americana, desde 1992 para el Mundo.","publisher":{"@id":"https:\/\/callasi.pe\/#organization"},"potentialAction":[{"@type":"SearchAction","target":{"@type":"EntryPoint","urlTemplate":"https:\/\/callasi.pe\/?s={search_term_string}"},"query-input":{"@type":"PropertyValueSpecification","valueRequired":true,"valueName":"search_term_string"}}],"inLanguage":"en-US"},{"@type":"Organization","@id":"https:\/\/callasi.pe\/#organization","name":"Callasi","url":"https:\/\/callasi.pe\/","logo":{"@type":"ImageObject","inLanguage":"en-US","@id":"https:\/\/callasi.pe\/#\/schema\/logo\/image\/","url":"https:\/\/callasi.pe\/wp-content\/uploads\/2025\/08\/logo-callasi-png-e1753218955547.png","contentUrl":"https:\/\/callasi.pe\/wp-content\/uploads\/2025\/08\/logo-callasi-png-e1753218955547.png","width":814,"height":334,"caption":"Callasi"},"image":{"@id":"https:\/\/callasi.pe\/#\/schema\/logo\/image\/"},"sameAs":["https:\/\/www.facebook.com\/Callasijoyeria\/","https:\/\/www.instagram.com\/callasijoyeria\/","https:\/\/www.tiktok.com\/@callasijoyeria"]}]}},"_links":{"self":[{"href":"https:\/\/callasi.pe\/en\/wp-json\/wp\/v2\/pages\/12","targetHints":{"allow":["GET"]}}],"collection":[{"href":"https:\/\/callasi.pe\/en\/wp-json\/wp\/v2\/pages"}],"about":[{"href":"https:\/\/callasi.pe\/en\/wp-json\/wp\/v2\/types\/page"}],"author":[{"embeddable":true,"href":"https:\/\/callasi.pe\/en\/wp-json\/wp\/v2\/users\/3"}],"replies":[{"embeddable":true,"href":"https:\/\/callasi.pe\/en\/wp-json\/wp\/v2\/comments?post=12"}],"version-history":[{"count":0,"href":"https:\/\/callasi.pe\/en\/wp-json\/wp\/v2\/pages\/12\/revisions"}],"wp:attachment":[{"href":"https:\/\/callasi.pe\/en\/wp-json\/wp\/v2\/media?parent=12"}],"curies":[{"name":"wp","href":"https:\/\/api.w.org\/{rel}","templated":true}]}}