{"id":2283,"date":"2025-10-29T09:22:26","date_gmt":"2025-10-29T14:22:26","guid":{"rendered":"https:\/\/callasi.pe\/?page_id=2283"},"modified":"2025-12-01T20:05:54","modified_gmt":"2025-12-02T01:05:54","slug":"tu-joya-ideal-en-tres-simples-pasos","status":"publish","type":"page","link":"https:\/\/callasi.pe\/en\/tu-joya-ideal-en-tres-simples-pasos\/","title":{"rendered":"Tu joya ideal en tres simples pasos"},"content":{"rendered":"<div data-elementor-type=\"wp-page\" data-elementor-id=\"2283\" class=\"elementor elementor-2283\" data-elementor-post-type=\"page\">\n\t\t\t\t<div data-particle_enable=\"false\" data-particle-mobile-disabled=\"false\" class=\"elementor-element elementor-element-4b334a7 e-flex e-con-boxed e-con e-parent\" data-id=\"4b334a7\" data-element_type=\"container\">\n\t\t\t\t\t<div class=\"e-con-inner\">\n\t\t<div data-particle_enable=\"false\" data-particle-mobile-disabled=\"false\" class=\"elementor-element elementor-element-8d2aeac e-con-full e-flex e-con e-child\" data-id=\"8d2aeac\" data-element_type=\"container\">\n\t\t\t\t<div class=\"elementor-element elementor-element-208339f elementor-widget elementor-widget-heading\" data-id=\"208339f\" data-element_type=\"widget\" data-widget_type=\"heading.default\">\n\t\t\t\t\t<h2 class=\"elementor-heading-title elementor-size-default\">Hacemos tu Joya Ideal <\/h2>\t\t\t\t<\/div>\n\t\t\t\t<div class=\"elementor-element elementor-element-a2f93dd elementor-widget__width-initial elementor-widget elementor-widget-heading\" data-id=\"a2f93dd\" data-element_type=\"widget\" data-widget_type=\"heading.default\">\n\t\t\t\t\t<h2 class=\"elementor-heading-title elementor-size-default\">en 3 simples pasos<\/h2>\t\t\t\t<\/div>\n\t\t\t\t<\/div>\n\t\t<div data-particle_enable=\"false\" data-particle-mobile-disabled=\"false\" class=\"elementor-element elementor-element-50f7bb5 e-con-full e-grid e-con e-child\" data-id=\"50f7bb5\" data-element_type=\"container\">\n\t\t<div data-particle_enable=\"false\" data-particle-mobile-disabled=\"false\" class=\"elementor-element elementor-element-bdb7b87 e-con-full e-flex e-con e-child\" data-id=\"bdb7b87\" data-element_type=\"container\" data-settings=\"{&quot;background_background&quot;:&quot;classic&quot;}\">\n\t\t\t\t<div class=\"elementor-element elementor-element-aab1a56 elementor-widget elementor-widget-heading\" data-id=\"aab1a56\" data-element_type=\"widget\" data-widget_type=\"heading.default\">\n\t\t\t\t\t<h2 class=\"elementor-heading-title elementor-size-default\">1<\/h2>\t\t\t\t<\/div>\n\t\t\t\t<div class=\"elementor-element elementor-element-4d44312 elementor-widget elementor-widget-image\" data-id=\"4d44312\" data-element_type=\"widget\" data-widget_type=\"image.default\">\n\t\t\t\t\t\t\t\t\t\t\t\t\t\t\t<img fetchpriority=\"high\" decoding=\"async\" width=\"800\" height=\"291\" src=\"https:\/\/callasi.pe\/wp-content\/uploads\/2025\/10\/145322-1024x373.jpg\" class=\"attachment-large size-large wp-image-2287\" alt=\"\" srcset=\"https:\/\/callasi.pe\/wp-content\/uploads\/2025\/10\/145322-1024x373.jpg 1024w, https:\/\/callasi.pe\/wp-content\/uploads\/2025\/10\/145322-300x109.jpg 300w, https:\/\/callasi.pe\/wp-content\/uploads\/2025\/10\/145322-768x280.jpg 768w, https:\/\/callasi.pe\/wp-content\/uploads\/2025\/10\/145322-18x7.jpg 18w, https:\/\/callasi.pe\/wp-content\/uploads\/2025\/10\/145322-600x219.jpg 600w, https:\/\/callasi.pe\/wp-content\/uploads\/2025\/10\/145322.jpg 1500w\" sizes=\"(max-width: 800px) 100vw, 800px\" \/>\t\t\t\t\t\t\t\t\t\t\t\t\t\t\t<\/div>\n\t\t\t\t<div class=\"elementor-element elementor-element-7615529 elementor-widget__width-initial elementor-widget elementor-widget-text-editor\" data-id=\"7615529\" data-element_type=\"widget\" data-widget_type=\"text-editor.default\">\n\t\t\t\t\t\t\t\t\tEscr\u00edbenos al WhatsApp y env\u00edanos tu deseo ideal.\t\t\t\t\t\t\t\t<\/div>\n\t\t\t\t<div class=\"elementor-element elementor-element-de9684e elementor-align-justify elementor-widget elementor-widget-button\" data-id=\"de9684e\" data-element_type=\"widget\" data-widget_type=\"button.default\">\n\t\t\t\t\t\t\t\t\t\t<a class=\"elementor-button elementor-button-link elementor-size-sm\" href=\"https:\/\/api.whatsapp.com\/send?phone=51916838721&#038;text=Hola%2C%20deseo%20cotizar%20una%20joya%20personalizada.\">\n\t\t\t\t\t\t<span class=\"elementor-button-content-wrapper\">\n\t\t\t\t\t\t<span class=\"elementor-button-icon\">\n\t\t\t\t<svg aria-hidden=\"true\" class=\"e-font-icon-svg e-fab-whatsapp\" viewbox=\"0 0 448 512\" xmlns=\"http:\/\/www.w3.org\/2000\/svg\"><path d=\"M380.9 97.1C339 55.1 283.2 32 223.9 32c-122.4 0-222 99.6-222 222 0 39.1 10.2 77.3 29.6 111L0 480l117.7-30.9c32.4 17.7 68.9 27 106.1 27h.1c122.3 0 224.1-99.6 224.1-222 0-59.3-25.2-115-67.1-157zm-157 341.6c-33.2 0-65.7-8.9-94-25.7l-6.7-4-69.8 18.3L72 359.2l-4.4-7c-18.5-29.4-28.2-63.3-28.2-98.2 0-101.7 82.8-184.5 184.6-184.5 49.3 0 95.6 19.2 130.4 54.1 34.8 34.9 56.2 81.2 56.1 130.5 0 101.8-84.9 184.6-186.6 184.6zm101.2-138.2c-5.5-2.8-32.8-16.2-37.9-18-5.1-1.9-8.8-2.8-12.5 2.8-3.7 5.6-14.3 18-17.6 21.8-3.2 3.7-6.5 4.2-12 1.4-32.6-16.3-54-29.1-75.5-66-5.7-9.8 5.7-9.1 16.3-30.3 1.8-3.7.9-6.9-.5-9.7-1.4-2.8-12.5-30.1-17.1-41.2-4.5-10.8-9.1-9.3-12.5-9.5-3.2-.2-6.9-.2-10.6-.2-3.7 0-9.7 1.4-14.8 6.9-5.1 5.6-19.4 19-19.4 46.3 0 27.3 19.9 53.7 22.6 57.4 2.8 3.7 39.1 59.7 94.8 83.8 35.2 15.2 49 16.5 66.6 13.9 10.7-1.6 32.8-13.4 37.4-26.4 4.6-13 4.6-24.1 3.2-26.4-1.3-2.5-5-3.9-10.5-6.6z\"><\/path><\/svg>\t\t\t<\/span>\n\t\t\t\t\t\t\t\t\t<span class=\"elementor-button-text\">WhatsApp<\/span>\n\t\t\t\t\t<\/span>\n\t\t\t\t\t<\/a>\n\t\t\t\t\t\t\t\t<\/div>\n\t\t\t\t<\/div>\n\t\t<div data-particle_enable=\"false\" data-particle-mobile-disabled=\"false\" class=\"elementor-element elementor-element-730351e e-con-full e-flex e-con e-child\" data-id=\"730351e\" data-element_type=\"container\" data-settings=\"{&quot;background_background&quot;:&quot;classic&quot;}\">\n\t\t\t\t<div class=\"elementor-element elementor-element-7649e38 elementor-widget elementor-widget-heading\" data-id=\"7649e38\" data-element_type=\"widget\" data-widget_type=\"heading.default\">\n\t\t\t\t\t<h2 class=\"elementor-heading-title elementor-size-default\">2<\/h2>\t\t\t\t<\/div>\n\t\t\t\t<div class=\"elementor-element elementor-element-b642509 elementor-widget elementor-widget-image\" data-id=\"b642509\" data-element_type=\"widget\" data-widget_type=\"image.default\">\n\t\t\t\t\t\t\t\t\t\t\t\t\t\t\t<img decoding=\"async\" width=\"800\" height=\"334\" src=\"https:\/\/callasi.pe\/wp-content\/uploads\/2025\/10\/freepik__que-la-imagen-img2este-sentada-en-un-escritorio-co__723243-1024x428.jpeg\" class=\"attachment-large size-large wp-image-2289\" alt=\"\" srcset=\"https:\/\/callasi.pe\/wp-content\/uploads\/2025\/10\/freepik__que-la-imagen-img2este-sentada-en-un-escritorio-co__723243-1024x428.jpeg 1024w, https:\/\/callasi.pe\/wp-content\/uploads\/2025\/10\/freepik__que-la-imagen-img2este-sentada-en-un-escritorio-co__723243-300x125.jpeg 300w, https:\/\/callasi.pe\/wp-content\/uploads\/2025\/10\/freepik__que-la-imagen-img2este-sentada-en-un-escritorio-co__723243-768x321.jpeg 768w, https:\/\/callasi.pe\/wp-content\/uploads\/2025\/10\/freepik__que-la-imagen-img2este-sentada-en-un-escritorio-co__723243-18x8.jpeg 18w, https:\/\/callasi.pe\/wp-content\/uploads\/2025\/10\/freepik__que-la-imagen-img2este-sentada-en-un-escritorio-co__723243-600x251.jpeg 600w, https:\/\/callasi.pe\/wp-content\/uploads\/2025\/10\/freepik__que-la-imagen-img2este-sentada-en-un-escritorio-co__723243.jpeg 1138w\" sizes=\"(max-width: 800px) 100vw, 800px\" \/>\t\t\t\t\t\t\t\t\t\t\t\t\t\t\t<\/div>\n\t\t\t\t<div class=\"elementor-element elementor-element-04b895a elementor-widget__width-initial elementor-widget elementor-widget-text-editor\" data-id=\"04b895a\" data-element_type=\"widget\" data-widget_type=\"text-editor.default\">\n\t\t\t\t\t\t\t\t\tTe enviamos tu cotizaci\u00f3n\ny das tu primera inicial.\t\t\t\t\t\t\t\t<\/div>\n\t\t\t\t<div class=\"elementor-element elementor-element-40aad71 elementor-widget elementor-widget-image\" data-id=\"40aad71\" data-element_type=\"widget\" data-widget_type=\"image.default\">\n\t\t\t\t\t\t\t\t\t\t\t\t\t\t\t<img decoding=\"async\" width=\"800\" height=\"77\" src=\"https:\/\/callasi.pe\/wp-content\/uploads\/2025\/09\/pasarela-de-pagos-santos-sabores.svg\" class=\"attachment-large size-large wp-image-1005\" alt=\"\" \/>\t\t\t\t\t\t\t\t\t\t\t\t\t\t\t<\/div>\n\t\t\t\t<\/div>\n\t\t<div data-particle_enable=\"false\" data-particle-mobile-disabled=\"false\" class=\"elementor-element elementor-element-cf0eff9 e-con-full e-flex e-con e-child\" data-id=\"cf0eff9\" data-element_type=\"container\" data-settings=\"{&quot;background_background&quot;:&quot;classic&quot;}\">\n\t\t\t\t<div class=\"elementor-element elementor-element-f07959b elementor-widget elementor-widget-heading\" data-id=\"f07959b\" data-element_type=\"widget\" data-widget_type=\"heading.default\">\n\t\t\t\t\t<h2 class=\"elementor-heading-title elementor-size-default\">3<\/h2>\t\t\t\t<\/div>\n\t\t\t\t<div class=\"elementor-element elementor-element-1a7fdb8 elementor-widget elementor-widget-image\" data-id=\"1a7fdb8\" data-element_type=\"widget\" data-widget_type=\"image.default\">\n\t\t\t\t\t\t\t\t\t\t\t\t\t\t\t<img loading=\"lazy\" decoding=\"async\" width=\"768\" height=\"1024\" src=\"https:\/\/callasi.pe\/wp-content\/uploads\/2025\/10\/482877813_656024253602522_4774432639169024711_n-768x1024.jpg\" class=\"attachment-large size-large wp-image-2290\" alt=\"\" srcset=\"https:\/\/callasi.pe\/wp-content\/uploads\/2025\/10\/482877813_656024253602522_4774432639169024711_n-768x1024.jpg 768w, https:\/\/callasi.pe\/wp-content\/uploads\/2025\/10\/482877813_656024253602522_4774432639169024711_n-225x300.jpg 225w, https:\/\/callasi.pe\/wp-content\/uploads\/2025\/10\/482877813_656024253602522_4774432639169024711_n-1152x1536.jpg 1152w, https:\/\/callasi.pe\/wp-content\/uploads\/2025\/10\/482877813_656024253602522_4774432639169024711_n-9x12.jpg 9w, https:\/\/callasi.pe\/wp-content\/uploads\/2025\/10\/482877813_656024253602522_4774432639169024711_n-600x800.jpg 600w, https:\/\/callasi.pe\/wp-content\/uploads\/2025\/10\/482877813_656024253602522_4774432639169024711_n.jpg 1536w\" sizes=\"(max-width: 768px) 100vw, 768px\" \/>\t\t\t\t\t\t\t\t\t\t\t\t\t\t\t<\/div>\n\t\t\t\t<div class=\"elementor-element elementor-element-09847df elementor-widget__width-initial elementor-widget elementor-widget-text-editor\" data-id=\"09847df\" data-element_type=\"widget\" data-widget_type=\"text-editor.default\">\n\t\t\t\t\t\t\t\t\tDise\u00f1amos, fabricamos\ny enviamos tu orden.\t\t\t\t\t\t\t\t<\/div>\n\t\t\t\t<div class=\"elementor-element elementor-element-e6a1900 elementor-widget elementor-widget-image\" data-id=\"e6a1900\" data-element_type=\"widget\" data-widget_type=\"image.default\">\n\t\t\t\t\t\t\t\t\t\t\t\t\t\t\t<img loading=\"lazy\" decoding=\"async\" width=\"800\" height=\"141\" src=\"https:\/\/callasi.pe\/wp-content\/uploads\/2025\/10\/Sin-titulo-1_Mesa-de-trabajo-1-1-1024x181.jpg\" class=\"attachment-large size-large wp-image-2288\" alt=\"\" srcset=\"https:\/\/callasi.pe\/wp-content\/uploads\/2025\/10\/Sin-titulo-1_Mesa-de-trabajo-1-1-1024x181.jpg 1024w, https:\/\/callasi.pe\/wp-content\/uploads\/2025\/10\/Sin-titulo-1_Mesa-de-trabajo-1-1-300x53.jpg 300w, https:\/\/callasi.pe\/wp-content\/uploads\/2025\/10\/Sin-titulo-1_Mesa-de-trabajo-1-1-768x135.jpg 768w, https:\/\/callasi.pe\/wp-content\/uploads\/2025\/10\/Sin-titulo-1_Mesa-de-trabajo-1-1-1536x271.jpg 1536w, https:\/\/callasi.pe\/wp-content\/uploads\/2025\/10\/Sin-titulo-1_Mesa-de-trabajo-1-1-2048x361.jpg 2048w, https:\/\/callasi.pe\/wp-content\/uploads\/2025\/10\/Sin-titulo-1_Mesa-de-trabajo-1-1-18x3.jpg 18w, https:\/\/callasi.pe\/wp-content\/uploads\/2025\/10\/Sin-titulo-1_Mesa-de-trabajo-1-1-600x106.jpg 600w\" sizes=\"(max-width: 800px) 100vw, 800px\" \/>\t\t\t\t\t\t\t\t\t\t\t\t\t\t\t<\/div>\n\t\t\t\t<\/div>\n\t\t\t\t<\/div>\n\t\t\t\t\t<\/div>\n\t\t\t\t<\/div>\n\t\t\t\t<\/div>","protected":false},"excerpt":{"rendered":"<p>Hacemos tu Joya Ideal en 3 simples pasos 1 Escr\u00edbenos al WhatsApp y env\u00edanos tu deseo ideal. WhatsApp 2 Te enviamos tu cotizaci\u00f3n y das tu primera inicial. 3 Dise\u00f1amos, fabricamos y enviamos tu orden.<\/p>","protected":false},"author":3,"featured_media":2290,"parent":0,"menu_order":3,"comment_status":"closed","ping_status":"closed","template":"","meta":{"_joinchat":[],"footnotes":""},"class_list":["post-2283","page","type-page","status-publish","has-post-thumbnail","hentry"],"yoast_head":"<!-- This site is optimized with the Yoast SEO plugin v26.1.1 - https:\/\/yoast.com\/wordpress\/plugins\/seo\/ -->\n<title>Joyas Personalizadas en Per\u00fa<\/title>\n<meta name=\"description\" content=\"Dise\u00f1a tu joya personalizada en solo 3 pasos. En Callasi Joyer\u00eda creamos anillos, collares, aretes y piezas \u00fanicas hechas a mano por artesanos expertos en Cusco. Atenci\u00f3n personalizada y env\u00edos a todo el Per\u00fa.\" \/>\n<meta name=\"robots\" content=\"index, follow, max-snippet:-1, max-image-preview:large, max-video-preview:-1\" \/>\n<link rel=\"canonical\" href=\"https:\/\/callasi.pe\/en\/tu-joya-ideal-en-tres-simples-pasos\/\" \/>\n<meta property=\"og:locale\" content=\"en_US\" \/>\n<meta property=\"og:type\" content=\"article\" \/>\n<meta property=\"og:title\" content=\"Joyas Personalizadas en Per\u00fa\" \/>\n<meta property=\"og:description\" content=\"Dise\u00f1a tu joya personalizada en solo 3 pasos. En Callasi Joyer\u00eda creamos anillos, collares, aretes y piezas \u00fanicas hechas a mano por artesanos expertos en Cusco. Atenci\u00f3n personalizada y env\u00edos a todo el Per\u00fa.\" \/>\n<meta property=\"og:url\" content=\"https:\/\/callasi.pe\/en\/tu-joya-ideal-en-tres-simples-pasos\/\" \/>\n<meta property=\"og:site_name\" content=\"Callasi\" \/>\n<meta property=\"article:publisher\" content=\"https:\/\/www.facebook.com\/Callasijoyeria\/\" \/>\n<meta property=\"article:modified_time\" content=\"2025-12-02T01:05:54+00:00\" \/>\n<meta property=\"og:image\" content=\"https:\/\/callasi.pe\/wp-content\/uploads\/2025\/10\/482877813_656024253602522_4774432639169024711_n.jpg\" \/>\n\t<meta property=\"og:image:width\" content=\"1536\" \/>\n\t<meta property=\"og:image:height\" content=\"2048\" \/>\n\t<meta property=\"og:image:type\" content=\"image\/jpeg\" \/>\n<meta name=\"twitter:card\" content=\"summary_large_image\" \/>\n<meta name=\"twitter:label1\" content=\"Est. reading time\" \/>\n\t<meta name=\"twitter:data1\" content=\"2 minutes\" \/>\n<script type=\"application\/ld+json\" class=\"yoast-schema-graph\">{\"@context\":\"https:\/\/schema.org\",\"@graph\":[{\"@type\":\"WebPage\",\"@id\":\"https:\/\/callasi.pe\/tu-joya-ideal-en-tres-simples-pasos\/\",\"url\":\"https:\/\/callasi.pe\/tu-joya-ideal-en-tres-simples-pasos\/\",\"name\":\"Joyas Personalizadas en Per\u00fa\",\"isPartOf\":{\"@id\":\"https:\/\/callasi.pe\/#website\"},\"primaryImageOfPage\":{\"@id\":\"https:\/\/callasi.pe\/tu-joya-ideal-en-tres-simples-pasos\/#primaryimage\"},\"image\":{\"@id\":\"https:\/\/callasi.pe\/tu-joya-ideal-en-tres-simples-pasos\/#primaryimage\"},\"thumbnailUrl\":\"https:\/\/callasi.pe\/wp-content\/uploads\/2025\/10\/482877813_656024253602522_4774432639169024711_n.jpg\",\"datePublished\":\"2025-10-29T14:22:26+00:00\",\"dateModified\":\"2025-12-02T01:05:54+00:00\",\"description\":\"Dise\u00f1a tu joya personalizada en solo 3 pasos. En Callasi Joyer\u00eda creamos anillos, collares, aretes y piezas \u00fanicas hechas a mano por artesanos expertos en Cusco. Atenci\u00f3n personalizada y env\u00edos a todo el Per\u00fa.\",\"breadcrumb\":{\"@id\":\"https:\/\/callasi.pe\/tu-joya-ideal-en-tres-simples-pasos\/#breadcrumb\"},\"inLanguage\":\"en-US\",\"potentialAction\":[{\"@type\":\"ReadAction\",\"target\":[\"https:\/\/callasi.pe\/tu-joya-ideal-en-tres-simples-pasos\/\"]}]},{\"@type\":\"ImageObject\",\"inLanguage\":\"en-US\",\"@id\":\"https:\/\/callasi.pe\/tu-joya-ideal-en-tres-simples-pasos\/#primaryimage\",\"url\":\"https:\/\/callasi.pe\/wp-content\/uploads\/2025\/10\/482877813_656024253602522_4774432639169024711_n.jpg\",\"contentUrl\":\"https:\/\/callasi.pe\/wp-content\/uploads\/2025\/10\/482877813_656024253602522_4774432639169024711_n.jpg\",\"width\":1536,\"height\":2048},{\"@type\":\"BreadcrumbList\",\"@id\":\"https:\/\/callasi.pe\/tu-joya-ideal-en-tres-simples-pasos\/#breadcrumb\",\"itemListElement\":[{\"@type\":\"ListItem\",\"position\":1,\"name\":\"Portada\",\"item\":\"https:\/\/callasi.pe\/\"},{\"@type\":\"ListItem\",\"position\":2,\"name\":\"Tu joya ideal en tres simples pasos\"}]},{\"@type\":\"WebSite\",\"@id\":\"https:\/\/callasi.pe\/#website\",\"url\":\"https:\/\/callasi.pe\/\",\"name\":\"Callasi\",\"description\":\"Somos una marca respetada y un referente en la artesan\u00eda tradicional Cusque\u00f1a, Peruana y latino Americana, desde 1992 para el Mundo.\",\"publisher\":{\"@id\":\"https:\/\/callasi.pe\/#organization\"},\"potentialAction\":[{\"@type\":\"SearchAction\",\"target\":{\"@type\":\"EntryPoint\",\"urlTemplate\":\"https:\/\/callasi.pe\/?s={search_term_string}\"},\"query-input\":{\"@type\":\"PropertyValueSpecification\",\"valueRequired\":true,\"valueName\":\"search_term_string\"}}],\"inLanguage\":\"en-US\"},{\"@type\":\"Organization\",\"@id\":\"https:\/\/callasi.pe\/#organization\",\"name\":\"Callasi\",\"url\":\"https:\/\/callasi.pe\/\",\"logo\":{\"@type\":\"ImageObject\",\"inLanguage\":\"en-US\",\"@id\":\"https:\/\/callasi.pe\/#\/schema\/logo\/image\/\",\"url\":\"https:\/\/callasi.pe\/wp-content\/uploads\/2025\/08\/logo-callasi-png-e1753218955547.png\",\"contentUrl\":\"https:\/\/callasi.pe\/wp-content\/uploads\/2025\/08\/logo-callasi-png-e1753218955547.png\",\"width\":814,\"height\":334,\"caption\":\"Callasi\"},\"image\":{\"@id\":\"https:\/\/callasi.pe\/#\/schema\/logo\/image\/\"},\"sameAs\":[\"https:\/\/www.facebook.com\/Callasijoyeria\/\",\"https:\/\/www.instagram.com\/callasijoyeria\/\",\"https:\/\/www.tiktok.com\/@callasijoyeria\"]}]}<\/script>\n<!-- \/ Yoast SEO plugin. -->","yoast_head_json":{"title":"Joyas Personalizadas en Per\u00fa","description":"Dise\u00f1a tu joya personalizada en solo 3 pasos. En Callasi Joyer\u00eda creamos anillos, collares, aretes y piezas \u00fanicas hechas a mano por artesanos expertos en Cusco. Atenci\u00f3n personalizada y env\u00edos a todo el Per\u00fa.","robots":{"index":"index","follow":"follow","max-snippet":"max-snippet:-1","max-image-preview":"max-image-preview:large","max-video-preview":"max-video-preview:-1"},"canonical":"https:\/\/callasi.pe\/en\/tu-joya-ideal-en-tres-simples-pasos\/","og_locale":"en_US","og_type":"article","og_title":"Joyas Personalizadas en Per\u00fa","og_description":"Dise\u00f1a tu joya personalizada en solo 3 pasos. En Callasi Joyer\u00eda creamos anillos, collares, aretes y piezas \u00fanicas hechas a mano por artesanos expertos en Cusco. Atenci\u00f3n personalizada y env\u00edos a todo el Per\u00fa.","og_url":"https:\/\/callasi.pe\/en\/tu-joya-ideal-en-tres-simples-pasos\/","og_site_name":"Callasi","article_publisher":"https:\/\/www.facebook.com\/Callasijoyeria\/","article_modified_time":"2025-12-02T01:05:54+00:00","og_image":[{"width":1536,"height":2048,"url":"https:\/\/callasi.pe\/wp-content\/uploads\/2025\/10\/482877813_656024253602522_4774432639169024711_n.jpg","type":"image\/jpeg"}],"twitter_card":"summary_large_image","twitter_misc":{"Est. reading time":"2 minutes"},"schema":{"@context":"https:\/\/schema.org","@graph":[{"@type":"WebPage","@id":"https:\/\/callasi.pe\/tu-joya-ideal-en-tres-simples-pasos\/","url":"https:\/\/callasi.pe\/tu-joya-ideal-en-tres-simples-pasos\/","name":"Joyas Personalizadas en Per\u00fa","isPartOf":{"@id":"https:\/\/callasi.pe\/#website"},"primaryImageOfPage":{"@id":"https:\/\/callasi.pe\/tu-joya-ideal-en-tres-simples-pasos\/#primaryimage"},"image":{"@id":"https:\/\/callasi.pe\/tu-joya-ideal-en-tres-simples-pasos\/#primaryimage"},"thumbnailUrl":"https:\/\/callasi.pe\/wp-content\/uploads\/2025\/10\/482877813_656024253602522_4774432639169024711_n.jpg","datePublished":"2025-10-29T14:22:26+00:00","dateModified":"2025-12-02T01:05:54+00:00","description":"Dise\u00f1a tu joya personalizada en solo 3 pasos. En Callasi Joyer\u00eda creamos anillos, collares, aretes y piezas \u00fanicas hechas a mano por artesanos expertos en Cusco. Atenci\u00f3n personalizada y env\u00edos a todo el Per\u00fa.","breadcrumb":{"@id":"https:\/\/callasi.pe\/tu-joya-ideal-en-tres-simples-pasos\/#breadcrumb"},"inLanguage":"en-US","potentialAction":[{"@type":"ReadAction","target":["https:\/\/callasi.pe\/tu-joya-ideal-en-tres-simples-pasos\/"]}]},{"@type":"ImageObject","inLanguage":"en-US","@id":"https:\/\/callasi.pe\/tu-joya-ideal-en-tres-simples-pasos\/#primaryimage","url":"https:\/\/callasi.pe\/wp-content\/uploads\/2025\/10\/482877813_656024253602522_4774432639169024711_n.jpg","contentUrl":"https:\/\/callasi.pe\/wp-content\/uploads\/2025\/10\/482877813_656024253602522_4774432639169024711_n.jpg","width":1536,"height":2048},{"@type":"BreadcrumbList","@id":"https:\/\/callasi.pe\/tu-joya-ideal-en-tres-simples-pasos\/#breadcrumb","itemListElement":[{"@type":"ListItem","position":1,"name":"Portada","item":"https:\/\/callasi.pe\/"},{"@type":"ListItem","position":2,"name":"Tu joya ideal en tres simples pasos"}]},{"@type":"WebSite","@id":"https:\/\/callasi.pe\/#website","url":"https:\/\/callasi.pe\/","name":"Callasi","description":"Somos una marca respetada y un referente en la artesan\u00eda tradicional Cusque\u00f1a, Peruana y latino Americana, desde 1992 para el Mundo.","publisher":{"@id":"https:\/\/callasi.pe\/#organization"},"potentialAction":[{"@type":"SearchAction","target":{"@type":"EntryPoint","urlTemplate":"https:\/\/callasi.pe\/?s={search_term_string}"},"query-input":{"@type":"PropertyValueSpecification","valueRequired":true,"valueName":"search_term_string"}}],"inLanguage":"en-US"},{"@type":"Organization","@id":"https:\/\/callasi.pe\/#organization","name":"Callasi","url":"https:\/\/callasi.pe\/","logo":{"@type":"ImageObject","inLanguage":"en-US","@id":"https:\/\/callasi.pe\/#\/schema\/logo\/image\/","url":"https:\/\/callasi.pe\/wp-content\/uploads\/2025\/08\/logo-callasi-png-e1753218955547.png","contentUrl":"https:\/\/callasi.pe\/wp-content\/uploads\/2025\/08\/logo-callasi-png-e1753218955547.png","width":814,"height":334,"caption":"Callasi"},"image":{"@id":"https:\/\/callasi.pe\/#\/schema\/logo\/image\/"},"sameAs":["https:\/\/www.facebook.com\/Callasijoyeria\/","https:\/\/www.instagram.com\/callasijoyeria\/","https:\/\/www.tiktok.com\/@callasijoyeria"]}]}},"_links":{"self":[{"href":"https:\/\/callasi.pe\/en\/wp-json\/wp\/v2\/pages\/2283","targetHints":{"allow":["GET"]}}],"collection":[{"href":"https:\/\/callasi.pe\/en\/wp-json\/wp\/v2\/pages"}],"about":[{"href":"https:\/\/callasi.pe\/en\/wp-json\/wp\/v2\/types\/page"}],"author":[{"embeddable":true,"href":"https:\/\/callasi.pe\/en\/wp-json\/wp\/v2\/users\/3"}],"replies":[{"embeddable":true,"href":"https:\/\/callasi.pe\/en\/wp-json\/wp\/v2\/comments?post=2283"}],"version-history":[{"count":0,"href":"https:\/\/callasi.pe\/en\/wp-json\/wp\/v2\/pages\/2283\/revisions"}],"wp:featuredmedia":[{"embeddable":true,"href":"https:\/\/callasi.pe\/en\/wp-json\/wp\/v2\/media\/2290"}],"wp:attachment":[{"href":"https:\/\/callasi.pe\/en\/wp-json\/wp\/v2\/media?parent=2283"}],"curies":[{"name":"wp","href":"https:\/\/api.w.org\/{rel}","templated":true}]}}