{"id":2729,"date":"2025-11-04T15:14:33","date_gmt":"2025-11-04T20:14:33","guid":{"rendered":"https:\/\/callasi.pe\/?post_type=product&#038;p=2729"},"modified":"2025-11-04T19:06:00","modified_gmt":"2025-11-05T00:06:00","slug":"collar-cascada-del-ande-plata-950-turquesa-y-lapislazuli","status":"publish","type":"product","link":"https:\/\/callasi.pe\/en\/product\/collar-cascada-del-ande-plata-950-turquesa-y-lapislazuli\/","title":{"rendered":"Collar Cascada Del Ande Plata 950, Turquesa y Lapisl\u00e1zuli"},"content":{"rendered":"<p>Collar Cascada, este hermoso collar est\u00e1 inspirado en la corrientes de manantiales del ande, dise\u00f1ado por Carlos Callasi Molina, est\u00e1 fabricado con plata de ley 950 y lleva incrustaciones de piedras naturales, lapislazuli y turquesa.<\/p>","protected":false},"excerpt":{"rendered":"<p>Collar Cascada, este hermoso collar est\u00e1 inspirado en la corrientes de manantiales del ande, dise\u00f1ado por Carlos Callasi Molina, est\u00e1 fabricado con plata de ley 950 y lleva incrustaciones de piedras naturales, lapislazuli y turquesa.<\/p>","protected":false},"featured_media":2731,"template":"","meta":{"_joinchat":[]},"product_brand":[],"product_cat":[25],"product_tag":[],"tipo-material":[201],"class_list":{"0":"post-2729","1":"product","2":"type-product","3":"status-publish","4":"has-post-thumbnail","6":"product_cat-alta-joyeria","7":"tipo-material-plata","9":"first","10":"instock","11":"taxable","12":"shipping-taxable","13":"purchasable","14":"product-type-simple"},"yoast_head":"<!-- This site is optimized with the Yoast SEO plugin v26.1.1 - https:\/\/yoast.com\/wordpress\/plugins\/seo\/ -->\n<title>Collar Cascada Del Ande Plata 950, Turquesa y Lapisl\u00e1zuli - Callasi<\/title>\n<meta name=\"robots\" content=\"index, follow, max-snippet:-1, max-image-preview:large, max-video-preview:-1\" \/>\n<link rel=\"canonical\" href=\"https:\/\/callasi.pe\/en\/product\/collar-cascada-del-ande-plata-950-turquesa-y-lapislazuli\/\" \/>\n<meta property=\"og:locale\" content=\"en_US\" \/>\n<meta property=\"og:type\" content=\"article\" \/>\n<meta property=\"og:title\" content=\"Collar Cascada Del Ande Plata 950, Turquesa y Lapisl\u00e1zuli - Callasi\" \/>\n<meta property=\"og:description\" content=\"Collar Cascada, este hermoso collar est\u00e1 inspirado en la corrientes de manantiales del ande, dise\u00f1ado por Carlos Callasi Molina, est\u00e1 fabricado con plata de ley 950 y lleva incrustaciones de piedras naturales, lapislazuli y turquesa.\" \/>\n<meta property=\"og:url\" content=\"https:\/\/callasi.pe\/en\/product\/collar-cascada-del-ande-plata-950-turquesa-y-lapislazuli\/\" \/>\n<meta property=\"og:site_name\" content=\"Callasi\" \/>\n<meta property=\"article:publisher\" content=\"https:\/\/www.facebook.com\/Callasijoyeria\/\" \/>\n<meta property=\"article:modified_time\" content=\"2025-11-05T00:06:00+00:00\" \/>\n<meta property=\"og:image\" content=\"https:\/\/callasi.pe\/wp-content\/uploads\/2025\/11\/COLLAR-CASCADA-DEL-ANDE.jpg\" \/>\n\t<meta property=\"og:image:width\" content=\"1080\" \/>\n\t<meta property=\"og:image:height\" content=\"1080\" \/>\n\t<meta property=\"og:image:type\" content=\"image\/jpeg\" \/>\n<meta name=\"twitter:card\" content=\"summary_large_image\" \/>\n<meta name=\"twitter:label1\" content=\"Est. reading time\" \/>\n\t<meta name=\"twitter:data1\" content=\"1 minute\" \/>\n<script type=\"application\/ld+json\" class=\"yoast-schema-graph\">{\"@context\":\"https:\/\/schema.org\",\"@graph\":[{\"@type\":\"WebPage\",\"@id\":\"https:\/\/callasi.pe\/producto\/collar-cascada-del-ande-plata-950-turquesa-y-lapislazuli\/\",\"url\":\"https:\/\/callasi.pe\/producto\/collar-cascada-del-ande-plata-950-turquesa-y-lapislazuli\/\",\"name\":\"Collar Cascada Del Ande Plata 950, Turquesa y Lapisl\u00e1zuli - Callasi\",\"isPartOf\":{\"@id\":\"https:\/\/callasi.pe\/#website\"},\"primaryImageOfPage\":{\"@id\":\"https:\/\/callasi.pe\/producto\/collar-cascada-del-ande-plata-950-turquesa-y-lapislazuli\/#primaryimage\"},\"image\":{\"@id\":\"https:\/\/callasi.pe\/producto\/collar-cascada-del-ande-plata-950-turquesa-y-lapislazuli\/#primaryimage\"},\"thumbnailUrl\":\"https:\/\/callasi.pe\/wp-content\/uploads\/2025\/11\/COLLAR-CASCADA-DEL-ANDE.jpg\",\"datePublished\":\"2025-11-04T20:14:33+00:00\",\"dateModified\":\"2025-11-05T00:06:00+00:00\",\"breadcrumb\":{\"@id\":\"https:\/\/callasi.pe\/producto\/collar-cascada-del-ande-plata-950-turquesa-y-lapislazuli\/#breadcrumb\"},\"inLanguage\":\"en-US\",\"potentialAction\":[{\"@type\":\"ReadAction\",\"target\":[\"https:\/\/callasi.pe\/producto\/collar-cascada-del-ande-plata-950-turquesa-y-lapislazuli\/\"]}]},{\"@type\":\"ImageObject\",\"inLanguage\":\"en-US\",\"@id\":\"https:\/\/callasi.pe\/producto\/collar-cascada-del-ande-plata-950-turquesa-y-lapislazuli\/#primaryimage\",\"url\":\"https:\/\/callasi.pe\/wp-content\/uploads\/2025\/11\/COLLAR-CASCADA-DEL-ANDE.jpg\",\"contentUrl\":\"https:\/\/callasi.pe\/wp-content\/uploads\/2025\/11\/COLLAR-CASCADA-DEL-ANDE.jpg\",\"width\":1080,\"height\":1080},{\"@type\":\"BreadcrumbList\",\"@id\":\"https:\/\/callasi.pe\/producto\/collar-cascada-del-ande-plata-950-turquesa-y-lapislazuli\/#breadcrumb\",\"itemListElement\":[{\"@type\":\"ListItem\",\"position\":1,\"name\":\"Portada\",\"item\":\"https:\/\/callasi.pe\/\"},{\"@type\":\"ListItem\",\"position\":2,\"name\":\"Tienda\",\"item\":\"https:\/\/callasi.pe\/tienda\/\"},{\"@type\":\"ListItem\",\"position\":3,\"name\":\"Collar Cascada Del Ande Plata 950, Turquesa y Lapisl\u00e1zuli\"}]},{\"@type\":\"WebSite\",\"@id\":\"https:\/\/callasi.pe\/#website\",\"url\":\"https:\/\/callasi.pe\/\",\"name\":\"Callasi\",\"description\":\"Somos una marca respetada y un referente en la artesan\u00eda tradicional Cusque\u00f1a, Peruana y latino Americana, desde 1992 para el Mundo.\",\"publisher\":{\"@id\":\"https:\/\/callasi.pe\/#organization\"},\"potentialAction\":[{\"@type\":\"SearchAction\",\"target\":{\"@type\":\"EntryPoint\",\"urlTemplate\":\"https:\/\/callasi.pe\/?s={search_term_string}\"},\"query-input\":{\"@type\":\"PropertyValueSpecification\",\"valueRequired\":true,\"valueName\":\"search_term_string\"}}],\"inLanguage\":\"en-US\"},{\"@type\":\"Organization\",\"@id\":\"https:\/\/callasi.pe\/#organization\",\"name\":\"Callasi\",\"url\":\"https:\/\/callasi.pe\/\",\"logo\":{\"@type\":\"ImageObject\",\"inLanguage\":\"en-US\",\"@id\":\"https:\/\/callasi.pe\/#\/schema\/logo\/image\/\",\"url\":\"https:\/\/callasi.pe\/wp-content\/uploads\/2025\/08\/logo-callasi-png-e1753218955547.png\",\"contentUrl\":\"https:\/\/callasi.pe\/wp-content\/uploads\/2025\/08\/logo-callasi-png-e1753218955547.png\",\"width\":814,\"height\":334,\"caption\":\"Callasi\"},\"image\":{\"@id\":\"https:\/\/callasi.pe\/#\/schema\/logo\/image\/\"},\"sameAs\":[\"https:\/\/www.facebook.com\/Callasijoyeria\/\",\"https:\/\/www.instagram.com\/callasijoyeria\/\",\"https:\/\/www.tiktok.com\/@callasijoyeria\"]}]}<\/script>\n<!-- \/ Yoast SEO plugin. -->","yoast_head_json":{"title":"Collar Cascada Del Ande Plata 950, Turquesa y Lapisl\u00e1zuli - Callasi","robots":{"index":"index","follow":"follow","max-snippet":"max-snippet:-1","max-image-preview":"max-image-preview:large","max-video-preview":"max-video-preview:-1"},"canonical":"https:\/\/callasi.pe\/en\/product\/collar-cascada-del-ande-plata-950-turquesa-y-lapislazuli\/","og_locale":"en_US","og_type":"article","og_title":"Collar Cascada Del Ande Plata 950, Turquesa y Lapisl\u00e1zuli - Callasi","og_description":"Collar Cascada, este hermoso collar est\u00e1 inspirado en la corrientes de manantiales del ande, dise\u00f1ado por Carlos Callasi Molina, est\u00e1 fabricado con plata de ley 950 y lleva incrustaciones de piedras naturales, lapislazuli y turquesa.","og_url":"https:\/\/callasi.pe\/en\/product\/collar-cascada-del-ande-plata-950-turquesa-y-lapislazuli\/","og_site_name":"Callasi","article_publisher":"https:\/\/www.facebook.com\/Callasijoyeria\/","article_modified_time":"2025-11-05T00:06:00+00:00","og_image":[{"width":1080,"height":1080,"url":"https:\/\/callasi.pe\/wp-content\/uploads\/2025\/11\/COLLAR-CASCADA-DEL-ANDE.jpg","type":"image\/jpeg"}],"twitter_card":"summary_large_image","twitter_misc":{"Est. reading time":"1 minute"},"schema":{"@context":"https:\/\/schema.org","@graph":[{"@type":"WebPage","@id":"https:\/\/callasi.pe\/producto\/collar-cascada-del-ande-plata-950-turquesa-y-lapislazuli\/","url":"https:\/\/callasi.pe\/producto\/collar-cascada-del-ande-plata-950-turquesa-y-lapislazuli\/","name":"Collar Cascada Del Ande Plata 950, Turquesa y Lapisl\u00e1zuli - Callasi","isPartOf":{"@id":"https:\/\/callasi.pe\/#website"},"primaryImageOfPage":{"@id":"https:\/\/callasi.pe\/producto\/collar-cascada-del-ande-plata-950-turquesa-y-lapislazuli\/#primaryimage"},"image":{"@id":"https:\/\/callasi.pe\/producto\/collar-cascada-del-ande-plata-950-turquesa-y-lapislazuli\/#primaryimage"},"thumbnailUrl":"https:\/\/callasi.pe\/wp-content\/uploads\/2025\/11\/COLLAR-CASCADA-DEL-ANDE.jpg","datePublished":"2025-11-04T20:14:33+00:00","dateModified":"2025-11-05T00:06:00+00:00","breadcrumb":{"@id":"https:\/\/callasi.pe\/producto\/collar-cascada-del-ande-plata-950-turquesa-y-lapislazuli\/#breadcrumb"},"inLanguage":"en-US","potentialAction":[{"@type":"ReadAction","target":["https:\/\/callasi.pe\/producto\/collar-cascada-del-ande-plata-950-turquesa-y-lapislazuli\/"]}]},{"@type":"ImageObject","inLanguage":"en-US","@id":"https:\/\/callasi.pe\/producto\/collar-cascada-del-ande-plata-950-turquesa-y-lapislazuli\/#primaryimage","url":"https:\/\/callasi.pe\/wp-content\/uploads\/2025\/11\/COLLAR-CASCADA-DEL-ANDE.jpg","contentUrl":"https:\/\/callasi.pe\/wp-content\/uploads\/2025\/11\/COLLAR-CASCADA-DEL-ANDE.jpg","width":1080,"height":1080},{"@type":"BreadcrumbList","@id":"https:\/\/callasi.pe\/producto\/collar-cascada-del-ande-plata-950-turquesa-y-lapislazuli\/#breadcrumb","itemListElement":[{"@type":"ListItem","position":1,"name":"Portada","item":"https:\/\/callasi.pe\/"},{"@type":"ListItem","position":2,"name":"Tienda","item":"https:\/\/callasi.pe\/tienda\/"},{"@type":"ListItem","position":3,"name":"Collar Cascada Del Ande Plata 950, Turquesa y Lapisl\u00e1zuli"}]},{"@type":"WebSite","@id":"https:\/\/callasi.pe\/#website","url":"https:\/\/callasi.pe\/","name":"Callasi","description":"Somos una marca respetada y un referente en la artesan\u00eda tradicional Cusque\u00f1a, Peruana y latino Americana, desde 1992 para el Mundo.","publisher":{"@id":"https:\/\/callasi.pe\/#organization"},"potentialAction":[{"@type":"SearchAction","target":{"@type":"EntryPoint","urlTemplate":"https:\/\/callasi.pe\/?s={search_term_string}"},"query-input":{"@type":"PropertyValueSpecification","valueRequired":true,"valueName":"search_term_string"}}],"inLanguage":"en-US"},{"@type":"Organization","@id":"https:\/\/callasi.pe\/#organization","name":"Callasi","url":"https:\/\/callasi.pe\/","logo":{"@type":"ImageObject","inLanguage":"en-US","@id":"https:\/\/callasi.pe\/#\/schema\/logo\/image\/","url":"https:\/\/callasi.pe\/wp-content\/uploads\/2025\/08\/logo-callasi-png-e1753218955547.png","contentUrl":"https:\/\/callasi.pe\/wp-content\/uploads\/2025\/08\/logo-callasi-png-e1753218955547.png","width":814,"height":334,"caption":"Callasi"},"image":{"@id":"https:\/\/callasi.pe\/#\/schema\/logo\/image\/"},"sameAs":["https:\/\/www.facebook.com\/Callasijoyeria\/","https:\/\/www.instagram.com\/callasijoyeria\/","https:\/\/www.tiktok.com\/@callasijoyeria"]}]}},"_links":{"self":[{"href":"https:\/\/callasi.pe\/en\/wp-json\/wp\/v2\/product\/2729","targetHints":{"allow":["GET"]}}],"collection":[{"href":"https:\/\/callasi.pe\/en\/wp-json\/wp\/v2\/product"}],"about":[{"href":"https:\/\/callasi.pe\/en\/wp-json\/wp\/v2\/types\/product"}],"wp:featuredmedia":[{"embeddable":true,"href":"https:\/\/callasi.pe\/en\/wp-json\/wp\/v2\/media\/2731"}],"wp:attachment":[{"href":"https:\/\/callasi.pe\/en\/wp-json\/wp\/v2\/media?parent=2729"}],"wp:term":[{"taxonomy":"product_brand","embeddable":true,"href":"https:\/\/callasi.pe\/en\/wp-json\/wp\/v2\/product_brand?post=2729"},{"taxonomy":"product_cat","embeddable":true,"href":"https:\/\/callasi.pe\/en\/wp-json\/wp\/v2\/product_cat?post=2729"},{"taxonomy":"product_tag","embeddable":true,"href":"https:\/\/callasi.pe\/en\/wp-json\/wp\/v2\/product_tag?post=2729"},{"taxonomy":"tipo-material","embeddable":true,"href":"https:\/\/callasi.pe\/en\/wp-json\/wp\/v2\/tipo-material?post=2729"}],"curies":[{"name":"wp","href":"https:\/\/api.w.org\/{rel}","templated":true}]}}